{"id":413,"date":"2022-11-27T22:38:53","date_gmt":"2022-11-27T22:38:53","guid":{"rendered":"https:\/\/varady-wp-wordpress.websection.hu\/?page_id=413"},"modified":"2025-10-26T14:40:44","modified_gmt":"2025-10-26T14:40:44","slug":"partnereink","status":"publish","type":"page","link":"https:\/\/varady.hu\/?page_id=413","title":{"rendered":"Partnereink"},"content":{"rendered":"\t\t<div data-elementor-type=\"wp-page\" data-elementor-id=\"413\" class=\"elementor elementor-413\" data-elementor-post-type=\"page\">\n\t\t\t\t\t\t\t\t\t<section class=\"elementor-section elementor-top-section elementor-element elementor-element-1420ef8a elementor-section-boxed elementor-section-height-default elementor-section-height-default\" data-id=\"1420ef8a\" data-element_type=\"section\">\n\t\t\t\t\t\t<div class=\"elementor-container elementor-column-gap-default\">\n\t\t\t\t\t<div class=\"aux-parallax-section elementor-column elementor-col-100 elementor-top-column elementor-element elementor-element-1ef15a7c\" data-id=\"1ef15a7c\" data-element_type=\"column\">\n\t\t\t<div class=\"elementor-widget-wrap elementor-element-populated\">\n\t\t\t\t\t\t\t\t<div class=\"elementor-element elementor-element-3ca3bb1a elementor-widget elementor-widget-text-editor\" data-id=\"3ca3bb1a\" data-element_type=\"widget\" data-widget_type=\"text-editor.default\">\n\t\t\t\t<div class=\"elementor-widget-container\">\n\t\t\t<style>\/*! elementor - v3.17.0 - 08-11-2023 *\/\n.elementor-widget-text-editor.elementor-drop-cap-view-stacked .elementor-drop-cap{background-color:#69727d;color:#fff}.elementor-widget-text-editor.elementor-drop-cap-view-framed .elementor-drop-cap{color:#69727d;border:3px solid;background-color:transparent}.elementor-widget-text-editor:not(.elementor-drop-cap-view-default) .elementor-drop-cap{margin-top:8px}.elementor-widget-text-editor:not(.elementor-drop-cap-view-default) .elementor-drop-cap-letter{width:1em;height:1em}.elementor-widget-text-editor .elementor-drop-cap{float:left;text-align:center;line-height:1;font-size:50px}.elementor-widget-text-editor .elementor-drop-cap-letter{display:inline-block}<\/style>\t\t\t\t<h3>A g\u00e9pkocsik alv\u00e1z \u00e9s \u00fcregv\u00e9delm\u00e9t DINITROL anyaggal \u00e9s technol\u00f3gi\u00e1val k\u00e9sz\u00edt\u0151&nbsp;<\/h3><h3>szakszervizek el\u00e9rhet\u0151s\u00e9gei<\/h3>\t\t\t\t\t\t<\/div>\n\t\t\t\t<\/div>\n\t\t\t\t\t<\/div>\n\t\t<\/div>\n\t\t\t\t\t\t\t<\/div>\n\t\t<\/section>\n\t\t\t\t<section class=\"elementor-section elementor-top-section elementor-element elementor-element-d9e5d8f elementor-section-boxed elementor-section-height-default elementor-section-height-default\" data-id=\"d9e5d8f\" data-element_type=\"section\">\n\t\t\t\t\t\t<div class=\"elementor-container elementor-column-gap-default\">\n\t\t\t\t\t<div class=\"aux-parallax-section elementor-column elementor-col-100 elementor-top-column elementor-element elementor-element-6d217ff\" data-id=\"6d217ff\" data-element_type=\"column\">\n\t\t\t<div class=\"elementor-widget-wrap elementor-element-populated\">\n\t\t\t\t\t\t\t\t<div class=\"elementor-element elementor-element-d64d4cc elementor-arrows-position-outside elementor-pagination-position-outside elementor-widget elementor-widget-image-carousel\" data-id=\"d64d4cc\" data-element_type=\"widget\" data-settings=\"{&quot;navigation&quot;:&quot;both&quot;,&quot;autoplay&quot;:&quot;yes&quot;,&quot;pause_on_hover&quot;:&quot;yes&quot;,&quot;pause_on_interaction&quot;:&quot;yes&quot;,&quot;autoplay_speed&quot;:5000,&quot;infinite&quot;:&quot;yes&quot;,&quot;speed&quot;:500}\" data-widget_type=\"image-carousel.default\">\n\t\t\t\t<div class=\"elementor-widget-container\">\n\t\t\t<style>\/*! elementor - v3.17.0 - 08-11-2023 *\/\n.elementor-widget-image-carousel .swiper,.elementor-widget-image-carousel .swiper-container{position:static}.elementor-widget-image-carousel .swiper-container .swiper-slide figure,.elementor-widget-image-carousel .swiper .swiper-slide figure{line-height:inherit}.elementor-widget-image-carousel .swiper-slide{text-align:center}.elementor-image-carousel-wrapper:not(.swiper-container-initialized):not(.swiper-initialized) .swiper-slide{max-width:calc(100% \/ var(--e-image-carousel-slides-to-show, 3))}<\/style>\t\t<div class=\"elementor-image-carousel-wrapper swiper-container\" dir=\"ltr\">\n\t\t\t<div class=\"elementor-image-carousel swiper-wrapper\" aria-live=\"off\">\n\t\t\t\t\t\t\t\t<div class=\"swiper-slide\" role=\"group\" aria-roledescription=\"slide\" aria-label=\"1 \/ 7\"><figure class=\"swiper-slide-inner\"><img decoding=\"async\" class=\"swiper-slide-image\" src=\"https:\/\/varady.hu\/wp-content\/uploads\/2022\/12\/wibotec_logo.png\" alt=\"wibotec_logo\" \/><\/figure><\/div><div class=\"swiper-slide\" role=\"group\" aria-roledescription=\"slide\" aria-label=\"2 \/ 7\"><figure class=\"swiper-slide-inner\"><img decoding=\"async\" class=\"swiper-slide-image\" src=\"https:\/\/varady.hu\/wp-content\/uploads\/2022\/12\/16091_7156_0_logo.jpg\" alt=\"16091_7156_0_logo\" \/><\/figure><\/div><div class=\"swiper-slide\" role=\"group\" aria-roledescription=\"slide\" aria-label=\"3 \/ 7\"><figure class=\"swiper-slide-inner\"><img decoding=\"async\" class=\"swiper-slide-image\" src=\"https:\/\/varady.hu\/wp-content\/uploads\/2022\/12\/ALGOREX-LOGOweb.jpg\" alt=\"ALGOREX-LOGOweb\" \/><\/figure><\/div><div class=\"swiper-slide\" role=\"group\" aria-roledescription=\"slide\" aria-label=\"4 \/ 7\"><figure class=\"swiper-slide-inner\"><img decoding=\"async\" class=\"swiper-slide-image\" src=\"https:\/\/varady.hu\/wp-content\/uploads\/2022\/12\/DINITRL-scaled.jpg\" alt=\"DINITRL\" \/><\/figure><\/div><div class=\"swiper-slide\" role=\"group\" aria-roledescription=\"slide\" aria-label=\"5 \/ 7\"><figure class=\"swiper-slide-inner\"><img decoding=\"async\" class=\"swiper-slide-image\" src=\"https:\/\/varady.hu\/wp-content\/uploads\/2022\/12\/national-presto-industries-squarelogo-1448278486263.png\" alt=\"national-presto-industries-squarelogo-1448278486263\" \/><\/figure><\/div><div class=\"swiper-slide\" role=\"group\" aria-roledescription=\"slide\" aria-label=\"6 \/ 7\"><figure class=\"swiper-slide-inner\"><img decoding=\"async\" class=\"swiper-slide-image\" src=\"https:\/\/varady.hu\/wp-content\/uploads\/2022\/12\/sata-logo-fargo-bumper-air-brushes.png\" alt=\"sata-logo-fargo-bumper-air-brushes\" \/><\/figure><\/div><div class=\"swiper-slide\" role=\"group\" aria-roledescription=\"slide\" aria-label=\"7 \/ 7\"><figure class=\"swiper-slide-inner\"><img decoding=\"async\" class=\"swiper-slide-image\" src=\"https:\/\/varady.hu\/wp-content\/uploads\/2022\/12\/COX_Logo_NOQSA_Black-e1491302394840.jpg\" alt=\"COX_Logo_NOQSA_Black-e1491302394840\" \/><\/figure><\/div>\t\t\t<\/div>\n\t\t\t\t\t\t\t\t\t\t\t\t<div class=\"elementor-swiper-button elementor-swiper-button-prev\" role=\"button\" tabindex=\"0\">\n\t\t\t\t\t\t<i aria-hidden=\"true\" class=\"eicon-chevron-left\"><\/i>\t\t\t\t\t<\/div>\n\t\t\t\t\t<div class=\"elementor-swiper-button elementor-swiper-button-next\" role=\"button\" tabindex=\"0\">\n\t\t\t\t\t\t<i aria-hidden=\"true\" class=\"eicon-chevron-right\"><\/i>\t\t\t\t\t<\/div>\n\t\t\t\t\n\t\t\t\t\t\t\t\t\t<div class=\"swiper-pagination\"><\/div>\n\t\t\t\t\t\t\t\t\t<\/div>\n\t\t\t\t<\/div>\n\t\t\t\t<\/div>\n\t\t\t\t\t<\/div>\n\t\t<\/div>\n\t\t\t\t\t\t\t<\/div>\n\t\t<\/section>\n\t\t\t\t<section class=\"elementor-section elementor-top-section elementor-element elementor-element-b97452d elementor-section-boxed elementor-section-height-default elementor-section-height-default\" data-id=\"b97452d\" data-element_type=\"section\">\n\t\t\t\t\t\t<div class=\"elementor-container elementor-column-gap-default\">\n\t\t\t\t\t<div class=\"aux-parallax-section elementor-column elementor-col-100 elementor-top-column elementor-element elementor-element-7482013\" data-id=\"7482013\" data-element_type=\"column\">\n\t\t\t<div class=\"elementor-widget-wrap elementor-element-populated\">\n\t\t\t\t\t\t\t\t<div class=\"elementor-element elementor-element-d20e585 elementor-widget elementor-widget-heading\" data-id=\"d20e585\" data-element_type=\"widget\" data-widget_type=\"heading.default\">\n\t\t\t\t<div class=\"elementor-widget-container\">\n\t\t\t<style>\/*! elementor - v3.17.0 - 08-11-2023 *\/\n.elementor-heading-title{padding:0;margin:0;line-height:1}.elementor-widget-heading .elementor-heading-title[class*=elementor-size-]>a{color:inherit;font-size:inherit;line-height:inherit}.elementor-widget-heading .elementor-heading-title.elementor-size-small{font-size:15px}.elementor-widget-heading .elementor-heading-title.elementor-size-medium{font-size:19px}.elementor-widget-heading .elementor-heading-title.elementor-size-large{font-size:29px}.elementor-widget-heading .elementor-heading-title.elementor-size-xl{font-size:39px}.elementor-widget-heading .elementor-heading-title.elementor-size-xxl{font-size:59px}<\/style><h2 class=\"elementor-heading-title elementor-size-default\">Import\u0151r\u00fcnk<\/h2>\t\t<\/div>\n\t\t\t\t<\/div>\n\t\t\t\t\t<\/div>\n\t\t<\/div>\n\t\t\t\t\t\t\t<\/div>\n\t\t<\/section>\n\t\t\t\t<section class=\"elementor-section elementor-top-section elementor-element elementor-element-664f432 elementor-section-boxed elementor-section-height-default elementor-section-height-default\" data-id=\"664f432\" data-element_type=\"section\">\n\t\t\t\t\t\t<div class=\"elementor-container elementor-column-gap-default\">\n\t\t\t\t\t<div class=\"aux-parallax-section elementor-column elementor-col-50 elementor-top-column elementor-element elementor-element-8d3ead5\" data-id=\"8d3ead5\" data-element_type=\"column\">\n\t\t\t<div class=\"elementor-widget-wrap elementor-element-populated\">\n\t\t\t\t\t\t\t\t<div class=\"elementor-element elementor-element-a06622a elementor-widget elementor-widget-text-editor\" data-id=\"a06622a\" data-element_type=\"widget\" data-widget_type=\"text-editor.default\">\n\t\t\t\t<div class=\"elementor-widget-container\">\n\t\t\t\t\t\t\t<table style=\"width: 469pt;\" border=\"0\" width=\"625\" cellspacing=\"0\" cellpadding=\"0\"><colgroup> <col style=\"mso-width-source: userset; mso-width-alt: 8009; width: 164pt;\" width=\"219\" \/> <col style=\"mso-width-source: userset; mso-width-alt: 8557; width: 176pt;\" width=\"234\" \/> <col style=\"mso-width-source: userset; mso-width-alt: 6290; width: 129pt;\" width=\"172\" \/> <\/colgroup><tbody><tr style=\"mso-height-source: userset; height: 18.0pt;\"><td class=\"xl66\" style=\"height: 18.0pt; width: 164pt;\" width=\"219\" height=\"24\">PYRMO HUNG\u00c1RIA KFT.<\/td><td class=\"xl66\" style=\"width: 176pt;\" width=\"234\">1181 Budapest, \u00d6ll\u0151i \u00fat 465.<\/td><td class=\"xl66\" style=\"width: 129pt;\" width=\"172\"><a href=\"tel:+3612914484\">1-291-4484<\/a><\/td><\/tr><tr style=\"mso-height-source: userset; height: 18.0pt;\"><td class=\"xl65\" style=\"height: 18.0pt;\" height=\"24\"><a href=\"mailto:pyrmo@dinitrol.hu\">pyrmo@dinitrol.hu<\/a><\/td><td class=\"xl65\">\u00a0<a href=\"mailto:info@dinitrolautohaz.hu\">info@dinitrolautohaz.hu<\/a><\/td><td class=\"xl65\">\u00a0<a href=\"https:\/\/www.pyrmo.hu\">www.pyrmo.hu<\/a><\/td><\/tr><\/tbody><\/table>\t\t\t\t\t\t<\/div>\n\t\t\t\t<\/div>\n\t\t\t\t\t<\/div>\n\t\t<\/div>\n\t\t\t\t<div class=\"aux-parallax-section elementor-column elementor-col-50 elementor-top-column elementor-element elementor-element-697ae47\" data-id=\"697ae47\" data-element_type=\"column\">\n\t\t\t<div class=\"elementor-widget-wrap elementor-element-populated\">\n\t\t\t\t\t\t\t\t<div class=\"elementor-element elementor-element-f47c73e elementor-widget elementor-widget-image\" data-id=\"f47c73e\" data-element_type=\"widget\" data-widget_type=\"image.default\">\n\t\t\t\t<div class=\"elementor-widget-container\">\n\t\t\t<style>\/*! elementor - v3.17.0 - 08-11-2023 *\/\n.elementor-widget-image{text-align:center}.elementor-widget-image a{display:inline-block}.elementor-widget-image a img[src$=\".svg\"]{width:48px}.elementor-widget-image img{vertical-align:middle;display:inline-block}<\/style>\t\t\t\t\t\t\t\t\t\t\t\t<img loading=\"lazy\" decoding=\"async\" width=\"300\" height=\"300\" src=\"https:\/\/varady.hu\/wp-content\/uploads\/2022\/11\/DINOL-partnerek-vilagszerte-300x300.jpg\" class=\"attachment-medium size-medium wp-image-547\" alt=\"\" srcset=\"https:\/\/varady.hu\/wp-content\/uploads\/2022\/11\/DINOL-partnerek-vilagszerte-300x300.jpg 300w, https:\/\/varady.hu\/wp-content\/uploads\/2022\/11\/DINOL-partnerek-vilagszerte-1024x1024.jpg 1024w, https:\/\/varady.hu\/wp-content\/uploads\/2022\/11\/DINOL-partnerek-vilagszerte-150x150.jpg 150w, https:\/\/varady.hu\/wp-content\/uploads\/2022\/11\/DINOL-partnerek-vilagszerte-768x768.jpg 768w\" sizes=\"auto, (max-width: 300px) 100vw, 300px\" \/>\t\t\t\t\t\t\t\t\t\t\t\t\t\t\t<\/div>\n\t\t\t\t<\/div>\n\t\t\t\t\t<\/div>\n\t\t<\/div>\n\t\t\t\t\t\t\t<\/div>\n\t\t<\/section>\n\t\t\t\t<section class=\"elementor-section elementor-top-section elementor-element elementor-element-a44fd1f elementor-section-boxed elementor-section-height-default elementor-section-height-default\" data-id=\"a44fd1f\" data-element_type=\"section\">\n\t\t\t\t\t\t<div class=\"elementor-container elementor-column-gap-default\">\n\t\t\t\t\t<div class=\"aux-parallax-section elementor-column elementor-col-100 elementor-top-column elementor-element elementor-element-bbf734c\" data-id=\"bbf734c\" data-element_type=\"column\">\n\t\t\t<div class=\"elementor-widget-wrap elementor-element-populated\">\n\t\t\t\t\t\t\t\t<div class=\"elementor-element elementor-element-3853afb elementor-widget elementor-widget-tablepress-table\" data-id=\"3853afb\" data-element_type=\"widget\" data-widget_type=\"tablepress-table.default\">\n\t\t\t\t<div class=\"elementor-widget-container\">\n\t\t\t\n<table id=\"tablepress-1\" class=\"tablepress tablepress-id-1\">\n<thead>\n<tr class=\"row-1\">\n\t<th class=\"column-1\"><strong>\u00c1llom\u00e1s<\/strong><\/th><th class=\"column-2\"><strong>C\u00e9gn\u00e9v<\/strong><\/th><th class=\"column-3\"><strong>Telephely<\/strong><\/th><th class=\"column-4\"><strong>Kapcsolattart\u00f3 neve<\/strong><\/th><th class=\"column-5\"><strong>Telefonsz\u00e1m<\/strong><\/th><th class=\"column-6\"><strong>E-mail c\u00edm<\/strong><\/th><th class=\"column-7\"><strong>WEBLAP c\u00edm<\/strong><\/th><td class=\"column-8\"><\/td>\n<\/tr>\n<\/thead>\n<tbody class=\"row-striping row-hover\">\n<tr class=\"row-2\">\n\t<td class=\"column-1\">1.<\/td><td class=\"column-2\">\u00c1D\u00c1M VIKTOR EV.<\/td><td class=\"column-3\">3200 Gy\u00f6ngy\u00f6s, J\u00f3kai M\u00f3r u. 51.<\/td><td class=\"column-4\">\u00c1d\u00e1m Viktor<\/td><td class=\"column-5\">+3630-282-3365<\/td><td class=\"column-6\"><a href=\"mailto:futomuallitasgyongyos@gmail.com\">futomuallitasgyongyos@gmail.com<\/a><\/td><td class=\"column-7\"><a href=\"http:\/\/www.autokerbalazskft.kozuleti.com\/\">www.autokerbalazskft.kozuleti.com<\/a><\/td><td class=\"column-8\"><\/td>\n<\/tr>\n<tr class=\"row-3\">\n\t<td class=\"column-1\">2.<\/td><td class=\"column-2\">ALU-METAL-COLOR KFT.<\/td><td class=\"column-3\">8000 Sz\u00e9kesfeh\u00e9rv\u00e1r, Alba Ipari Z\u00f3na, Berkenye u.<\/td><td class=\"column-4\">Katona K\u00e1roly<\/td><td class=\"column-5\">+3620-939-2520<\/td><td class=\"column-6\"><a href=\"mailto:karolykatona56@gmail.com\">karolykatona56@gmail.com<\/a><\/td><td class=\"column-7\"><span style=\"color:#0000FF;\"><u><\/u><\/span><\/td><td class=\"column-8\"><\/td>\n<\/tr>\n<tr class=\"row-4\">\n\t<td class=\"column-1\">3.<\/td><td class=\"column-2\">ALV\u00c1ZV\u00c9DELEM KFT.<\/td><td class=\"column-3\">1106 Budapest, Magl\u00f3di \u00fat 47.<\/td><td class=\"column-4\">Rank\u00f3 S\u00e1ndor<br \/>\n<\/td><td class=\"column-5\">+3670-341-4655<\/td><td class=\"column-6\"><a href=\"mailto:info@alvazkezeles.hu\">info@alvazkezeles.hu<\/a><\/td><td class=\"column-7\"><a href=\"http:\/\/www.alvazkezeles.hu\/\">www.alvazkezeles.hu<\/a><\/td><td class=\"column-8\"><\/td>\n<\/tr>\n<tr class=\"row-5\">\n\t<td class=\"column-1\">3.<\/td><td class=\"column-2\">ALV\u00c1ZV\u00c9DELEM KFT.<\/td><td class=\"column-3\">1106 Budapest, Magl\u00f3di \u00fat 47.<\/td><td class=\"column-4\">Veress Patrik<\/td><td class=\"column-5\">+3630-937-6920<\/td><td class=\"column-6\"><a href=\"mailto:veress.patrik@alvazkezeles.hu\"> veress.patrik@alvazkezeles.hu<\/a><\/td><td class=\"column-7\"><span style=\"color:#0000FF;\"><u><\/u><\/span><\/td><td class=\"column-8\"><\/td>\n<\/tr>\n<tr class=\"row-6\">\n\t<td class=\"column-1\">4.<\/td><td class=\"column-2\">DOMONKOS G\u00c1BOR EV.<\/td><td class=\"column-3\">1087 Budapest, Str\u00f3bl Alajos u.3\/c<\/td><td class=\"column-4\">Domonkos G\u00e1bor<\/td><td class=\"column-5\">+3670-5000-789<\/td><td class=\"column-6\"><a href=\"mailto:g.domonkos@gmail.com\">g.domonkos@gmail.com<\/a><\/td><td class=\"column-7\"><a href=\"http:\/\/www.dasz.hu\/\">www.dasz.hu<\/a><\/td><td class=\"column-8\"><\/td>\n<\/tr>\n<tr class=\"row-7\">\n\t<td class=\"column-1\">5.<\/td><td class=\"column-2\">F\u00d6LDI ISTV\u00c1N EV.<\/td><td class=\"column-3\">8095 P\u00e1kozd, Esze Tam\u00e1s u.13.<\/td><td class=\"column-4\">F\u00f6ldi Istv\u00e1n<\/td><td class=\"column-5\">+3670-453-6867<\/td><td class=\"column-6\"><a href=\"mailto:alvazvedelem.velenceito@gmail.com\">alvazvedelem.velenceito@gmail.com<\/a><\/td><td class=\"column-7\"><a href=\"http:\/\/www.alvazvedelemvelenceito.hu\/\">www.alvazvedelemvelenceito.hu<\/a><\/td><td class=\"column-8\"><\/td>\n<\/tr>\n<tr class=\"row-8\">\n\t<td class=\"column-1\">6.<\/td><td class=\"column-2\">GARAHOLDING KFT.<\/td><td class=\"column-3\">1097 Bp. K\u00f6nyves K\u00e1lm\u00e1n krt. 18-20.<\/td><td class=\"column-4\">Tak\u00e1cs Attila<\/td><td class=\"column-5\">+3670-413-2159<\/td><td class=\"column-6\"><a href=\"mailto:alvazvedelem.lurdy@gmail.com\">alvazvedelem.lurdy@gmail.com<\/a><\/td><td class=\"column-7\"><a href=\"http:\/\/www.alvazvedelemarak.hu\/\">www.alvazvedelemarak.hu<\/a><\/td><td class=\"column-8\"><\/td>\n<\/tr>\n<tr class=\"row-9\">\n\t<td class=\"column-1\">7.<\/td><td class=\"column-2\">GORDOS TIBOR EV.<\/td><td class=\"column-3\">7020 Dunaf\u00f6ldv\u00e1r, Kossuth L. u.48.<\/td><td class=\"column-4\">Gordos Tibor<\/td><td class=\"column-5\">+3630-209-5539<\/td><td class=\"column-6\"><a href=\"mailto:gordos69@gmail.com\">gordos69@gmail.com<\/a><\/td><td class=\"column-7\"><span style=\"color:#0000FF;\"><u><\/u><\/span><\/td><td class=\"column-8\"><\/td>\n<\/tr>\n<tr class=\"row-10\">\n\t<td class=\"column-1\">8.<\/td><td class=\"column-2\">M\u00c9SZ\u00c1ROS L\u00c1SZL\u00d3 EV.<\/td><td class=\"column-3\">2900 Kom\u00e1rom, \u00c1csi u. 10\/a.<\/td><td class=\"column-4\">M\u00e9sz\u00e1ros L\u00e1szl\u00f3<\/td><td class=\"column-5\">+3630-937-4060<\/td><td class=\"column-6\"><span style=\"color:#0000FF;\"><u>meszaroskarosszeria66@gmail.com<\/u><\/span><\/td><td class=\"column-7\"><span style=\"color:#0000FF;\"><u><\/u><\/span><\/td><td class=\"column-8\"><\/td>\n<\/tr>\n<tr class=\"row-11\">\n\t<td class=\"column-1\">8.<\/td><td class=\"column-2\">M\u00c9SZ\u00c1ROS L\u00c1SZL\u00d3 EV.<\/td><td class=\"column-3\">2900 Kom\u00e1rom, \u00c1csi u. 10\/a.<\/td><td class=\"column-4\">Sz\u0171cs Zolt\u00e1n<\/td><td class=\"column-5\">+3630-558-8896<\/td><td class=\"column-6\"><span style=\"color:#0000FF;\"><u><\/u><\/span><\/td><td class=\"column-7\"><span style=\"color:#0000FF;\"><u><\/u><\/span><\/td><td class=\"column-8\"><\/td>\n<\/tr>\n<tr class=\"row-12\">\n\t<td class=\"column-1\">9.<\/td><td class=\"column-2\">SZOBOSZLAI K\u00c1ROLY EV.<\/td><td class=\"column-3\">1181 Budapest, B\u00f3kay \u00c1rp\u00e1d u. 50.<\/td><td class=\"column-4\">Szoboszlai K\u00e1roly<\/td><td class=\"column-5\">+3630-948-4582<\/td><td class=\"column-6\"><span style=\"color:#0000FF;\"><u><\/u><\/span><\/td><td class=\"column-7\"><span style=\"color:#0000FF;\"><u><\/u><\/span><\/td><td class=\"column-8\"><\/td>\n<\/tr>\n<tr class=\"row-13\">\n\t<td class=\"column-1\">10.<\/td><td class=\"column-2\">TARKOV\u00c1CS ZOLT\u00c1N EV.<\/td><td class=\"column-3\">5630 B\u00e9k\u00e9s, H\u0151zs\u0151 u. 18\/1.<\/td><td class=\"column-4\">Tarkov\u00e1cs Zolt\u00e1n<\/td><td class=\"column-5\">+3630-638-4242<\/td><td class=\"column-6\"><a href=\"mailto:tarkovacsz@freemail.hu\">tarkovacsz@freemail.hu<\/a><\/td><td class=\"column-7\"><a href=\"http:\/\/www.tarkovacs-fenyezo-szerviz.hu\/\">www.tarkovacs-fenyezo-szerviz.hu<\/a><\/td><td class=\"column-8\"><\/td>\n<\/tr>\n<tr class=\"row-14\">\n\t<td class=\"column-1\">10.<\/td><td class=\"column-2\">TARKOV\u00c1CS ZOLT\u00c1N EV.<\/td><td class=\"column-3\">5630 B\u00e9k\u00e9s, H\u0151zs\u0151 u. 18\/1.<\/td><td class=\"column-4\">Ifj. Tarkov\u00e1cs Zolt\u00e1n<\/td><td class=\"column-5\">+3630-638-2843<\/td><td class=\"column-6\"><\/td><td class=\"column-7\"><span style=\"color:#0563C1;\"><u><\/u><\/span><\/td><td class=\"column-8\"><\/td>\n<\/tr>\n<tr class=\"row-15\">\n\t<td class=\"column-1\">11.<\/td><td class=\"column-2\">TOTAL TRADE&amp;FACTORY KFT.<\/td><td class=\"column-3\">2092 Budakeszi, Pilisi Parkerd\u0151 Ipari Park 17. \u00e9p.<\/td><td class=\"column-4\">V\u00f6r\u00f6s Andr\u00e1s<\/td><td class=\"column-5\">+3630-192-3516<\/td><td class=\"column-6\"><a href=\"mailto:total.trade.factory@gmail.com\">total.trade.factory@gmail.com<\/a><\/td><td class=\"column-7\"><a href=\"http:\/\/www.ttf.hu\/\">www.ttf.hu<\/a><\/td><td class=\"column-8\"><\/td>\n<\/tr>\n<tr class=\"row-16\">\n\t<td class=\"column-1\">11.<\/td><td class=\"column-2\">TOTAL TRADE&amp;FACTORY KFT.<\/td><td class=\"column-3\">2092 Budakeszi, Pilisi Parkerd\u0151 Ipari Park 17. \u00e9p.<\/td><td class=\"column-4\">V\u00f6r\u00f6s T\u00edmea<\/td><td class=\"column-5\">+3630-192-3515<\/td><td class=\"column-6\"><\/td><td class=\"column-7\"><span style=\"color:#0000FF;\"><u><\/u><\/span><\/td><td class=\"column-8\"><\/td>\n<\/tr>\n<tr class=\"row-17\">\n\t<td class=\"column-1\">12.<\/td><td class=\"column-2\">TREPKA ATTILA EV.<\/td><td class=\"column-3\">1188 Budapest, Bocskai utca 104.<\/td><td class=\"column-4\">Trepka Attila <\/td><td class=\"column-5\">+3670-263-0085<\/td><td class=\"column-6\"><a href=\"mailto:atesztrepka@gmail.com\">atesztrepka@gmail.com<\/a><\/td><td class=\"column-7\"><a href=\"http:\/\/www.rozsdastopper.com\/\">www.rozsdastopper.com<\/a><\/td><td class=\"column-8\"><\/td>\n<\/tr>\n<tr class=\"row-18\">\n\t<td class=\"column-1\">13.<\/td><td class=\"column-2\">\u00dcREG\u00daR KFT.<\/td><td class=\"column-3\">2142 Nagytarcsa, Fels\u0151 Ipari K\u00f6r\u00fat 2.              HRSZ: 085\/150\/A\/9     <\/td><td class=\"column-4\">Moln\u00e1r L\u00e1szl\u00f3<\/td><td class=\"column-5\">+3670-324-3389<\/td><td class=\"column-6\"><a href=\"mailto:laszlomolnar001@gmail.com\">laszlomolnar001@gmail.com<\/a><\/td><td class=\"column-7\"><a href=\"http:\/\/www.uregur.hu\/\">www.uregur.hu<\/a><\/td><td class=\"column-8\"><\/td>\n<\/tr>\n<\/tbody>\n<\/table>\n<!-- #tablepress-1 from cache -->\t\t<\/div>\n\t\t\t\t<\/div>\n\t\t\t\t\t<\/div>\n\t\t<\/div>\n\t\t\t\t\t\t\t<\/div>\n\t\t<\/section>\n\t\t\t\t\t\t\t<\/div>\n\t\t","protected":false},"excerpt":{"rendered":"<p>A g\u00e9pkocsik alv\u00e1z \u00e9s \u00fcregv\u00e9delm\u00e9t DINITROL anyaggal \u00e9s technol\u00f3gi\u00e1val k\u00e9sz\u00edt\u0151&nbsp; szakszervizek el\u00e9rhet\u0151s\u00e9gei Import\u0151r\u00fcnk PYRMO HUNG\u00c1RIA KFT. 1181 Budapest, \u00d6ll\u0151i \u00fat 465. 1-291-4484 pyrmo@dinitrol.hu \u00a0info@dinitrolautohaz.hu \u00a0www.pyrmo.hu Szerkeszt\u00e9s Srsz. C\u00e9gn\u00e9v Telephely Kapcsolattart\u00f3 neve Telefonsz\u00e1m E-mail c\u00edm WEBLAP c\u00edm 1 ALU-METAL-COLOR KFT. 8000 Sz\u00e9kesfeh\u00e9rv\u00e1r, Alba Ipari Z\u00f3na, Berkenye u. Katona K\u00e1roly +3620-939-2520 karolykatona56@gmail.com 2 ALV\u00c1ZV\u00c9DELEM KFT. 1106 Budapest, [&hellip;]<\/p>\n","protected":false},"author":1,"featured_media":0,"parent":0,"menu_order":0,"comment_status":"closed","ping_status":"closed","template":"","meta":{"footnotes":""},"class_list":["post-413","page","type-page","status-publish","hentry"],"_links":{"self":[{"href":"https:\/\/varady.hu\/index.php?rest_route=\/wp\/v2\/pages\/413","targetHints":{"allow":["GET"]}}],"collection":[{"href":"https:\/\/varady.hu\/index.php?rest_route=\/wp\/v2\/pages"}],"about":[{"href":"https:\/\/varady.hu\/index.php?rest_route=\/wp\/v2\/types\/page"}],"author":[{"embeddable":true,"href":"https:\/\/varady.hu\/index.php?rest_route=\/wp\/v2\/users\/1"}],"replies":[{"embeddable":true,"href":"https:\/\/varady.hu\/index.php?rest_route=%2Fwp%2Fv2%2Fcomments&post=413"}],"version-history":[{"count":74,"href":"https:\/\/varady.hu\/index.php?rest_route=\/wp\/v2\/pages\/413\/revisions"}],"predecessor-version":[{"id":1059,"href":"https:\/\/varady.hu\/index.php?rest_route=\/wp\/v2\/pages\/413\/revisions\/1059"}],"wp:attachment":[{"href":"https:\/\/varady.hu\/index.php?rest_route=%2Fwp%2Fv2%2Fmedia&parent=413"}],"curies":[{"name":"wp","href":"https:\/\/api.w.org\/{rel}","templated":true}]}}