{"id":404,"date":"2022-11-27T22:36:58","date_gmt":"2022-11-27T22:36:58","guid":{"rendered":"https:\/\/varady-wp-wordpress.websection.hu\/?page_id=404"},"modified":"2022-11-29T19:54:19","modified_gmt":"2022-11-29T19:54:19","slug":"szolgaltatasaink","status":"publish","type":"page","link":"https:\/\/varady.hu\/?page_id=404","title":{"rendered":"Szolg\u00e1ltat\u00e1saink"},"content":{"rendered":"\t\t<div data-elementor-type=\"wp-page\" data-elementor-id=\"404\" class=\"elementor elementor-404\" data-elementor-post-type=\"page\">\n\t\t\t\t\t\t\t\t\t<section class=\"elementor-section elementor-top-section elementor-element elementor-element-6eeab58b elementor-section-boxed elementor-section-height-default elementor-section-height-default\" data-id=\"6eeab58b\" data-element_type=\"section\">\n\t\t\t\t\t\t<div class=\"elementor-container elementor-column-gap-default\">\n\t\t\t\t\t<div class=\"aux-parallax-section elementor-column elementor-col-100 elementor-top-column elementor-element elementor-element-9c84db5\" data-id=\"9c84db5\" data-element_type=\"column\">\n\t\t\t<div class=\"elementor-widget-wrap elementor-element-populated\">\n\t\t\t\t\t\t\t\t<div class=\"elementor-element elementor-element-c2aa2f1 elementor-widget elementor-widget-text-editor\" data-id=\"c2aa2f1\" data-element_type=\"widget\" data-widget_type=\"text-editor.default\">\n\t\t\t\t<div class=\"elementor-widget-container\">\n\t\t\t<style>\/*! elementor - v3.17.0 - 08-11-2023 *\/\n.elementor-widget-text-editor.elementor-drop-cap-view-stacked .elementor-drop-cap{background-color:#69727d;color:#fff}.elementor-widget-text-editor.elementor-drop-cap-view-framed .elementor-drop-cap{color:#69727d;border:3px solid;background-color:transparent}.elementor-widget-text-editor:not(.elementor-drop-cap-view-default) .elementor-drop-cap{margin-top:8px}.elementor-widget-text-editor:not(.elementor-drop-cap-view-default) .elementor-drop-cap-letter{width:1em;height:1em}.elementor-widget-text-editor .elementor-drop-cap{float:left;text-align:center;line-height:1;font-size:50px}.elementor-widget-text-editor .elementor-drop-cap-letter{display:inline-block}<\/style>\t\t\t\t<p><!-- wp:paragraph --><\/p>\n<h2>Szolg\u00e1ltat\u00e1sok bemutat\u00e1sa<\/h2>\n<p><!-- \/wp:paragraph --><\/p>\t\t\t\t\t\t<\/div>\n\t\t\t\t<\/div>\n\t\t\t\t<div class=\"elementor-element elementor-element-4eb73aa elementor-widget elementor-widget-text-editor\" data-id=\"4eb73aa\" data-element_type=\"widget\" data-widget_type=\"text-editor.default\">\n\t\t\t\t<div class=\"elementor-widget-container\">\n\t\t\t\t\t\t\t<h4 style=\"margin-top: 11.45pt; text-align: justify; line-height: 150%;\"><span lang=\"HU\" style=\"letter-spacing: -.05pt;\">\u00c1ruk\u00edn\u00e1latunk:<\/span><\/h4>\n<p class=\"MsoBodyText\" style=\"text-align: justify; text-indent: -.25in; line-height: 150%; mso-list: l0 level1 lfo1; tab-stops: 33.2pt; margin: 0in 12.85pt .0001pt 30.95pt;\"><span lang=\"HU\" style=\"font-family: Wingdings;\">\u00d8<span style=\"font-variant-numeric: normal; font-variant-east-asian: normal; font-stretch: normal; font-size: 7pt; line-height: normal; font-family: 'Times New Roman';\">\u00a0 <\/span><\/span><!--[endif]--><span lang=\"HU\" style=\"letter-spacing: -.05pt;\">DINITROL<\/span> <span lang=\"HU\" style=\"letter-spacing: -.05pt;\">m\u00e1rk\u00e1j\u00fa<\/span> <span lang=\"HU\" style=\"letter-spacing: -.05pt;\">\u00fcreg,<\/span> <span lang=\"HU\">&#8211; <span style=\"letter-spacing: -.05pt;\">alv\u00e1zv\u00e9d\u0151,<\/span> \u00e9s egy\u00e9b <span style=\"letter-spacing: -.1pt;\">korr\u00f3zi\u00f3<\/span> <span style=\"letter-spacing: -.05pt;\">g\u00e1tl\u00f3<\/span> <span style=\"letter-spacing: -.05pt;\">anyagok<\/span> <span style=\"letter-spacing: -.05pt;\">t\u00f6bbf\u00e9le<\/span> <span style=\"letter-spacing: -.05pt;\">kiszerel\u00e9sben.<\/span><\/span><\/p>\n<p class=\"MsoBodyText\" style=\"text-align: justify; text-indent: -.25in; line-height: 150%; mso-list: l0 level1 lfo1; tab-stops: 33.2pt; margin: .4pt 12.55pt .0001pt 30.95pt;\"><!-- [if !supportLists]--><span lang=\"HU\" style=\"font-family: Wingdings;\">\u00d8<span style=\"font-variant-numeric: normal; font-variant-east-asian: normal; font-stretch: normal; font-size: 7pt; line-height: normal; font-family: 'Times New Roman';\">\u00a0 <\/span><\/span><!--[endif]--><span lang=\"HU\" style=\"letter-spacing: -.05pt;\">DINITROL<\/span> <span lang=\"HU\" style=\"letter-spacing: -.05pt;\">alv\u00e1z<\/span> <span lang=\"HU\">&#8211; \u00e9s <span style=\"letter-spacing: -.05pt;\">\u00fcregv\u00e9d\u0151<\/span> <span style=\"letter-spacing: -.1pt;\">sz\u00f3r\u00f3<\/span> <span style=\"letter-spacing: -.05pt;\">eszk\u00f6z\u00f6k,<\/span> <span style=\"letter-spacing: -.05pt;\">ig\u00e9nyek<\/span> <span style=\"letter-spacing: -.05pt;\">szerint<\/span> <span style=\"letter-spacing: -.05pt;\">ipari,<\/span> &#8211; vagy hobby <span style=\"letter-spacing: -.1pt;\">szint\u0171<\/span> <span style=\"letter-spacing: -.05pt;\">felhaszn\u00e1l\u00f3knak.<\/span><\/span><\/p>\n<p class=\"MsoBodyText\" style=\"text-align: justify; text-indent: -.25in; line-height: 150%; mso-list: l0 level1 lfo1; tab-stops: 33.2pt; margin: .2pt 12.75pt .0001pt 30.95pt;\"><!-- [if !supportLists]--><span lang=\"HU\" style=\"font-family: Wingdings;\">\u00d8<span style=\"font-variant-numeric: normal; font-variant-east-asian: normal; font-stretch: normal; font-size: 7pt; line-height: normal; font-family: 'Times New Roman';\">\u00a0 <\/span><\/span><!--[endif]--><span lang=\"HU\">A <span style=\"letter-spacing: -.05pt;\">DINITROL<\/span> <span style=\"letter-spacing: -.05pt;\">korr\u00f3zi\u00f3v\u00e9delemhez<\/span> <span style=\"letter-spacing: -.05pt;\">haszn\u00e1lt<\/span> <span style=\"letter-spacing: -.05pt;\">LJUNGMANS,<\/span> <span style=\"letter-spacing: -.05pt;\">ASSALUB<\/span> \u00e9s SATA <span style=\"letter-spacing: -.05pt;\">gy\u00e1rtm\u00e1ny\u00fa<\/span><span style=\"letter-spacing: .05pt;\"> sz\u00f3r\u00f3 <\/span><span style=\"letter-spacing: -.05pt;\">eszk\u00f6z\u00f6kh\u00f6z<\/span> <span style=\"letter-spacing: -.05pt;\">alkatr\u00e9szek<\/span> \u00e9s <span style=\"letter-spacing: -.05pt;\">tartoz\u00e9kok<\/span> <u>rakt\u00e1rr\u00f3l.<\/u><\/span><\/p>\n<p class=\"MsoBodyText\" style=\"text-align: justify; text-indent: -.25in; line-height: 150%; mso-list: l0 level1 lfo1; tab-stops: 33.2pt; margin: .4pt 0in .0001pt 30.95pt;\"><!-- [if !supportLists]--><span lang=\"HU\" style=\"font-family: Wingdings;\">\u00d8<span style=\"font-variant-numeric: normal; font-variant-east-asian: normal; font-stretch: normal; font-size: 7pt; line-height: normal; font-family: 'Times New Roman';\">\u00a0 <\/span><\/span><!--[endif]--><span lang=\"HU\" style=\"letter-spacing: -.05pt;\">Airless,<\/span><span lang=\"HU\"> \u00e9s airmix <span style=\"letter-spacing: -.05pt;\">sz\u00f3r\u00f3<\/span> <span style=\"letter-spacing: -.05pt;\">szersz\u00e1mok,<\/span> f\u00fav\u00f3k\u00e1k, <span style=\"letter-spacing: -.05pt;\">egyed\u00fcl\u00e1ll\u00f3<\/span> <span style=\"letter-spacing: -.05pt;\">v\u00e1laszt\u00e9kban.<\/span><\/span><\/p>\n<p class=\"MsoBodyText\" style=\"text-align: justify; text-indent: -.25in; line-height: 150%; mso-list: l0 level1 lfo1; tab-stops: 33.2pt; margin: 6.85pt 12.55pt .0001pt 30.95pt;\"><!-- [if !supportLists]--><span lang=\"HU\" style=\"font-family: Wingdings;\">\u00d8<span style=\"font-variant-numeric: normal; font-variant-east-asian: normal; font-stretch: normal; font-size: 7pt; line-height: normal; font-family: 'Times New Roman';\">\u00a0 <\/span><\/span><!--[endif]--><span lang=\"HU\">A <span style=\"letter-spacing: -.05pt;\">korr\u00f3zi\u00f3v\u00e9delemhez<\/span> <span style=\"letter-spacing: -.05pt;\">sz\u00fcks\u00e9ges<\/span> <span style=\"letter-spacing: -.05pt;\">speci\u00e1lis seg\u00e9danyagok:<\/span> <span style=\"letter-spacing: -.05pt;\">m\u0171anyag<\/span> <span style=\"letter-spacing: -.05pt;\">z\u00e1r\u00f3dug\u00f3k,<\/span> <span style=\"letter-spacing: -.1pt;\">rozsda<\/span> <span style=\"letter-spacing: -.05pt;\">passziv\u00e1l\u00f3k,<\/span> lemos\u00f3- <span style=\"letter-spacing: -.1pt;\">\u00e9s<\/span> <span style=\"letter-spacing: -.05pt;\">zs\u00edrtalan\u00edt\u00f3-<\/span> <span style=\"letter-spacing: -.05pt;\">anyagok, k\u00fcl\u00f6nleges lemezf\u00far\u00f3,<\/span> stb.<\/span><\/p>\n<p>\u00a0<\/p>\n<p class=\"MsoBodyText\" style=\"text-align: justify; text-indent: -.25in; line-height: 150%; mso-list: l0 level1 lfo1; tab-stops: 33.2pt; margin: .4pt 12.6pt .0001pt 30.95pt;\"><!-- [if !supportLists]--><span lang=\"HU\" style=\"font-family: Wingdings;\">\u00d8<span style=\"font-variant-numeric: normal; font-variant-east-asian: normal; font-stretch: normal; font-size: 7pt; line-height: normal; font-family: 'Times New Roman';\">\u00a0 <\/span><\/span><!--[endif]--><span lang=\"HU\" style=\"letter-spacing: -.05pt;\">DINITROL<\/span> <span lang=\"HU\">\u2013 <span style=\"letter-spacing: -.05pt;\">PYRMO,<\/span><span style=\"letter-spacing: 1.0pt;\"> SATA, COX, <\/span><span style=\"letter-spacing: -.05pt;\">ALGOREX,<\/span> <span style=\"letter-spacing: -.1pt;\">ENAC,<\/span> WIBOTEC, <span style=\"letter-spacing: -.05pt;\">FAR\u00c9KLA, FLEXIPADS,<\/span><span style=\"letter-spacing: 1.0pt;\"> \u00e9s m\u00e1s <\/span><span style=\"letter-spacing: -.05pt;\">m\u00e1rk\u00e1j\u00fa<\/span> <span style=\"letter-spacing: -.05pt;\">aut\u00f3jav\u00edt\u00f3<\/span> \u00e9s <span style=\"letter-spacing: -.05pt;\">\u00e1pol\u00f3<\/span> <span style=\"letter-spacing: -.05pt;\">anyagok<\/span> nagy <span style=\"letter-spacing: -.05pt;\">v\u00e1laszt\u00e9kban:<\/span> <span style=\"letter-spacing: -.05pt;\">karo<\/span><\/span><span lang=\"HU\" style=\"mso-bidi-font-family: Arial; letter-spacing: -.05pt;\">ssz\u00e9riat\u00f6m\u00edt\u0151k,<\/span> <span lang=\"HU\" style=\"mso-bidi-font-family: Arial; letter-spacing: -.1pt;\">sz\u00e9lv\u00e9d\u0151<\/span> <span lang=\"HU\" style=\"mso-bidi-font-family: Arial; letter-spacing: -.05pt;\">ragaszt\u00f3k,<\/span> <span lang=\"HU\" style=\"mso-bidi-font-family: Arial; letter-spacing: -.05pt;\">kittek,<\/span> <span lang=\"HU\">fest\u00e9kek, <span style=\"letter-spacing: -.05pt;\">tiszt\u00edt\u00f3szerek,<\/span> <span style=\"letter-spacing: -.05pt;\">hangszigetel\u0151<\/span><\/span> <span lang=\"EN-GB\">anyagok<\/span><span lang=\"HU\">, pol\u00edroz\u00f3 anyagok, <\/span><span lang=\"HU\" style=\"letter-spacing: -.05pt;\">t\u00f6ml\u0151k,<\/span><span lang=\"HU\"> k\u00fcl\u00f6nleges <span style=\"letter-spacing: -.1pt;\">csatlakoz\u00f3k,<\/span> <\/span><span lang=\"HU\">valamint<span style=\"letter-spacing: -.05pt;\"> egy\u00e9b vegyi anyagok \u00e9s<\/span> <span style=\"letter-spacing: -.05pt;\">technikai<\/span> <span style=\"letter-spacing: -.05pt;\">eszk\u00f6z\u00f6k.<\/span><\/span><\/p>\t\t\t\t\t\t<\/div>\n\t\t\t\t<\/div>\n\t\t\t\t<div class=\"elementor-element elementor-element-c18a534 elementor-widget elementor-widget-text-editor\" data-id=\"c18a534\" data-element_type=\"widget\" data-widget_type=\"text-editor.default\">\n\t\t\t\t<div class=\"elementor-widget-container\">\n\t\t\t\t\t\t\t<h4 style=\"margin-top: 3.15pt; text-align: justify;\"><span style=\"letter-spacing: -0.05pt;\">Tev\u00e9kenys\u00e9geink:<\/span><\/h4>\n<p style=\"text-align: justify; text-indent: -.25in; line-height: 150%; mso-list: l0 level1 lfo1; tab-stops: 32.45pt; margin: .05pt 0in .0001pt 30.95pt;\"><span lang=\"HU\" style=\"font-family: Wingdings;\">\u00d8<span style=\"font-variant-numeric: normal; font-variant-east-asian: normal; font-stretch: normal; font-size: 7pt; line-height: normal; font-family: 'Times New Roman';\">\u00a0 <\/span><\/span><!--[endif]--><span lang=\"HU\">A <span style=\"letter-spacing: -.05pt;\">DINITROL<\/span> <span style=\"letter-spacing: -.05pt;\">korr\u00f3zi\u00f3v\u00e9delmi<\/span> <span style=\"letter-spacing: -.05pt;\">technol\u00f3gia<\/span> <span style=\"letter-spacing: -.05pt;\">telep\u00edt\u00e9se,<\/span> <span style=\"letter-spacing: -.05pt;\">oktat\u00e1sa<\/span> \u00e9s <span style=\"letter-spacing: -.05pt;\">ellen\u0151rz\u00e9se.<\/span><\/span><\/p>\n<p style=\"text-align: justify; text-indent: -.25in; line-height: 150%; mso-list: l0 level1 lfo1; tab-stops: 32.45pt; margin: 0in 12.3pt .0001pt 30.95pt;\"><!-- [if !supportLists]--><span lang=\"HU\" style=\"font-family: Wingdings;\">\u00d8<span style=\"font-variant-numeric: normal; font-variant-east-asian: normal; font-stretch: normal; font-size: 7pt; line-height: normal; font-family: 'Times New Roman';\">\u00a0 <\/span><\/span><!--[endif]--><span lang=\"HU\">A DINITROL alv\u00e1z &#8211; \u00e9s \u00fcregv\u00e9d\u0151 <span style=\"letter-spacing: -.1pt;\">sz\u00f3r\u00f3<\/span> <span style=\"letter-spacing: -.1pt;\">berendez\u00e9sek<\/span> <span style=\"letter-spacing: -.05pt;\">jav\u00edt\u00e1sa,<\/span> <span style=\"letter-spacing: -.05pt;\">karbantart\u00e1sa, k\u00f6lcs\u00f6nz\u00e9se.<\/span><\/span><\/p>\n<p style=\"text-align: justify; text-indent: -.25in; line-height: 150%; mso-list: l0 level1 lfo1; tab-stops: 32.45pt; margin: 0in 12.3pt .0001pt 30.95pt;\"><!-- [if !supportLists]--><span lang=\"HU\" style=\"font-family: Wingdings;\">\u00d8<span style=\"font-variant-numeric: normal; font-variant-east-asian: normal; font-stretch: normal; font-size: 7pt; line-height: normal; font-family: 'Times New Roman';\">\u00a0 <\/span><\/span><!--[endif]--><span lang=\"HU\">J\u00e1rm\u0171vek \u00e9s <span style=\"letter-spacing: -.05pt;\">vasszerkezetek<\/span> <span style=\"letter-spacing: -.05pt;\">korr\u00f3zi\u00f3v\u00e9delm\u00e9hez<\/span> <span style=\"letter-spacing: -.05pt;\">szaktan\u00e1csad\u00e1s,<\/span> <span style=\"letter-spacing: -.05pt;\">technol\u00f3gia<\/span> <span style=\"letter-spacing: -.05pt;\">kidolgoz\u00e1sa, egyedi<\/span> sz\u00f3r\u00f3 <span style=\"letter-spacing: -.1pt;\">eszk\u00f6z\u00f6k<\/span> <span style=\"letter-spacing: -.05pt;\">k\u00e9sz\u00edt\u00e9se<\/span><\/span><\/p>\n<p style=\"text-align: justify; text-indent: -.25in; line-height: 150%; mso-list: l0 level1 lfo1; tab-stops: 32.45pt; margin: 0in 12.3pt .0001pt 30.95pt;\"><!-- [if !supportLists]--><span lang=\"HU\" style=\"font-family: Wingdings;\">\u00d8<span style=\"font-variant-numeric: normal; font-variant-east-asian: normal; font-stretch: normal; font-size: 7pt; line-height: normal; font-family: 'Times New Roman';\">\u00a0 <\/span><\/span><!--[endif]--><span lang=\"HU\" style=\"letter-spacing: -.05pt;\">Szem\u00e9lyg\u00e9pkocsik<\/span> <span lang=\"HU\">alv\u00e1z &#8211; \u00e9s <span style=\"letter-spacing: -.05pt;\">\u00fcregv\u00e9delme,<\/span> a <span style=\"letter-spacing: -.05pt;\">TKD\/DINITROL<\/span> <span style=\"letter-spacing: -.1pt;\">technol\u00f3gia<\/span> <\/span><span lang=\"HU\">utas\u00edt\u00e1sai <span style=\"letter-spacing: -.1pt;\">szerint. A<\/span><span style=\"letter-spacing: .1pt;\">z alv\u00e1z, \u00e9s az<\/span> \u00fcregek <span style=\"letter-spacing: -.05pt;\">bels\u0151<\/span> <span style=\"letter-spacing: -.05pt;\">fel\u00fcleteinek<\/span> <span style=\"letter-spacing: -.05pt;\">rozsd\u00e1tlan\u00edt\u00e1sa<\/span> <span style=\"letter-spacing: -.05pt;\">k\u00fcl\u00f6nleges<\/span> <\/span><span lang=\"HU\" style=\"letter-spacing: -.05pt;\">szersz\u00e1mokkal<\/span><span lang=\"HU\"> \u00e9s <span style=\"letter-spacing: -.05pt;\">anyagokkal. <\/span>\u00a0\u2013<span style=\"letter-spacing: .05pt;\"> <u>C<\/u><\/span><u><span style=\"letter-spacing: -.1pt;\">sak<\/span> <span style=\"letter-spacing: -.05pt;\">helysz\u00ednre<\/span> <span style=\"letter-spacing: -.1pt;\">kisz\u00e1ll\u00e1ssal.<\/span><\/u><\/span><\/p>\n<p style=\"margin-left: 30.95pt; text-align: justify; text-indent: -.25in; line-height: 150%; mso-list: l0 level1 lfo1; tab-stops: 32.45pt;\"><!-- [if !supportLists]--><span lang=\"HU\" style=\"font-family: Wingdings;\">\u00d8<span style=\"font-variant-numeric: normal; font-variant-east-asian: normal; font-stretch: normal; font-size: 7pt; line-height: normal; font-family: 'Times New Roman';\">\u00a0 <\/span><\/span><!--[endif]--><span lang=\"HU\">J\u00e1rm\u0171vek \u00e9s <span style=\"letter-spacing: -.05pt;\">ac\u00e9lszerkezetek<\/span> <span style=\"letter-spacing: -.05pt;\">bels\u0151<\/span> <span style=\"letter-spacing: -.05pt;\">\u00fcregeinek<\/span> <span style=\"letter-spacing: -.05pt;\">vizsg\u00e1lata<\/span> <span style=\"letter-spacing: -.05pt;\">endoszk\u00f3ppal.<\/span><\/span><\/p>\n<p>\u00a0<\/p>\n<p style=\"text-align: justify; text-indent: 0in; line-height: 150%; tab-stops: 34.15pt; margin: .2pt 321.2pt .0001pt 13.0pt;\"><span lang=\"HU\">\u00a0<\/span><\/p>\t\t\t\t\t\t<\/div>\n\t\t\t\t<\/div>\n\t\t\t\t\t<\/div>\n\t\t<\/div>\n\t\t\t\t\t\t\t<\/div>\n\t\t<\/section>\n\t\t\t\t\t\t\t<\/div>\n\t\t","protected":false},"excerpt":{"rendered":"<p>Szolg\u00e1ltat\u00e1sok bemutat\u00e1sa \u00c1ruk\u00edn\u00e1latunk: \u00d8\u00a0 DINITROL m\u00e1rk\u00e1j\u00fa \u00fcreg, &#8211; alv\u00e1zv\u00e9d\u0151, \u00e9s egy\u00e9b korr\u00f3zi\u00f3 g\u00e1tl\u00f3 anyagok t\u00f6bbf\u00e9le kiszerel\u00e9sben. \u00d8\u00a0 DINITROL alv\u00e1z &#8211; \u00e9s \u00fcregv\u00e9d\u0151 sz\u00f3r\u00f3 eszk\u00f6z\u00f6k, ig\u00e9nyek szerint ipari, &#8211; vagy hobby szint\u0171 felhaszn\u00e1l\u00f3knak. \u00d8\u00a0 A DINITROL korr\u00f3zi\u00f3v\u00e9delemhez haszn\u00e1lt LJUNGMANS, ASSALUB \u00e9s SATA gy\u00e1rtm\u00e1ny\u00fa sz\u00f3r\u00f3 eszk\u00f6z\u00f6kh\u00f6z alkatr\u00e9szek \u00e9s tartoz\u00e9kok rakt\u00e1rr\u00f3l. \u00d8\u00a0 Airless, \u00e9s airmix sz\u00f3r\u00f3 szersz\u00e1mok, f\u00fav\u00f3k\u00e1k, [&hellip;]<\/p>\n","protected":false},"author":1,"featured_media":0,"parent":0,"menu_order":0,"comment_status":"closed","ping_status":"closed","template":"","meta":{"footnotes":""},"class_list":["post-404","page","type-page","status-publish","hentry"],"_links":{"self":[{"href":"https:\/\/varady.hu\/index.php?rest_route=\/wp\/v2\/pages\/404","targetHints":{"allow":["GET"]}}],"collection":[{"href":"https:\/\/varady.hu\/index.php?rest_route=\/wp\/v2\/pages"}],"about":[{"href":"https:\/\/varady.hu\/index.php?rest_route=\/wp\/v2\/types\/page"}],"author":[{"embeddable":true,"href":"https:\/\/varady.hu\/index.php?rest_route=\/wp\/v2\/users\/1"}],"replies":[{"embeddable":true,"href":"https:\/\/varady.hu\/index.php?rest_route=%2Fwp%2Fv2%2Fcomments&post=404"}],"version-history":[{"count":4,"href":"https:\/\/varady.hu\/index.php?rest_route=\/wp\/v2\/pages\/404\/revisions"}],"predecessor-version":[{"id":704,"href":"https:\/\/varady.hu\/index.php?rest_route=\/wp\/v2\/pages\/404\/revisions\/704"}],"wp:attachment":[{"href":"https:\/\/varady.hu\/index.php?rest_route=%2Fwp%2Fv2%2Fmedia&parent=404"}],"curies":[{"name":"wp","href":"https:\/\/api.w.org\/{rel}","templated":true}]}}